{"id":181,"date":"2015-12-16T12:27:03","date_gmt":"2015-12-16T12:27:03","guid":{"rendered":"http:\/\/colegiomantellate.es\/inicio\/?page_id=181"},"modified":"2015-12-16T12:47:05","modified_gmt":"2015-12-16T12:47:05","slug":"nuestra-historia-3","status":"publish","type":"page","link":"https:\/\/colegiomantellate.es\/inicio\/nuestra-historia-3\/","title":{"rendered":"Nuestra Historia"},"content":{"rendered":"<p style=\"text-align: center;\"><span style=\"color: #000080;\"><strong><u>HERMANAS MANTELLATE SIERVAS DE MAR\u00cdA<\/u><\/strong><\/span><\/p>\n<p style=\"text-align: center;\"><span style=\"color: #000080;\">La Congregaci\u00f3n de las Hermanas Mantellate Siervas de Mar\u00eda nace en Treppio (Pistoia \u2013 Italia), el 6 de Octubre de 1861.<\/span><\/p>\n<p style=\"text-align: center;\"><span style=\"color: #000080;\">Las fundadoras fueron Filomena Rossi y Giovanna Ferrari. Estas j\u00f3venes, que eran terciarias de la Orden de los Siervos de Mar\u00eda, fueron llamadas por el P\u00e1rroco de Treppio para atender a los enfermos y ense\u00f1ar a las ni\u00f1as del pueblo.<\/span><\/p>\n<p style=\"text-align: center;\"><span style=\"color: #000080;\">Siguiendo el esp\u00edritu de las fundadoras nosotras, las Religiosas Mantellate Siervas de Mar\u00eda, nos inspiramos en el lema que la Congregaci\u00f3n tiene desde sus or\u00edgenes: \u201cHaced un poco de bien a los hombres y mujeres de vuestro tiempo\u201d.<\/span><\/p>\n<p style=\"text-align: center;\"><span style=\"color: #000080;\">Siguiendo, pues, el esp\u00edritu de la Congregaci\u00f3n, nuestro Colegio pretende educar a los ni\u00f1os\/as con\/en un estilo mariano, basado en el servicio, como Mar\u00eda, y \u00e9ste realizado con alegr\u00eda. En nuestra acci\u00f3n educativa, tal estilo se vive en: la acogida, disponibilidad, benevolencia, generosidad y solidaridad (ref. ideario).<\/span><\/p>\n<p style=\"text-align: center;\">\n<p style=\"text-align: center;\"><span style=\"color: #000080;\"><strong><u>HISTORIA DEL COLEGIO MANTELLATE<\/u><\/strong><\/span><\/p>\n<p style=\"text-align: center;\"><span style=\"color: #000080;\">En 1946, el Colegio se encontraba en la calle Compromiso de Caspe, de Valencia. Ante la falta de espacio, nos trasladamos en 1963 a su ubicaci\u00f3n actual.<\/span><\/p>\n<p style=\"text-align: center;\"><span style=\"color: #000080;\">El Colegio est\u00e1 situado en la zona del \u201cLlano de la Zaid\u00eda\u201d, en el margen izquierdo del r\u00edo Turia, a 2 kil\u00f3metros del centro de la capital, en la calle Marchalenes, n\u00famero 80. Antiguamente esta ubicaci\u00f3n era conocida como \u201cHuerto de la Estrella\u201d donde tenemos una hermosa zona verde y amplios espacios.<\/span><\/p>\n<p style=\"text-align: center;\"><span style=\"color: #000080;\">En aquellos primeros a\u00f1os, el Colegio se denominaba \u201cJard\u00edn de la Virgen\u201d, y el alumnado estaba formado tanto por alumnos que acud\u00edan en autob\u00fas desde su antigua ubicaci\u00f3n como por alumnos del entorno actual del Colegio. Se ten\u00eda en aquel momento \u201cParvulario\u201d y \u201cEducaci\u00f3n General B\u00e1sica\u201d.<\/span><\/p>\n<p style=\"text-align: center;\"><span style=\"color: #000080;\">Entre 1975 y 1984 se pod\u00eda realizar tambi\u00e9n en nuestro Centro Formaci\u00f3n Profesional de primer grado, de la rama Administrativa. Bajo la denominaci\u00f3n de \u201cSIGNO\u201d.<\/span><\/p>\n<p style=\"text-align: center;\"><span style=\"color: #000080;\">En 1992, el colegio pas\u00f3 a denominarse \u201cColegio Hermanas Mantellate\u201d.<\/span><\/p>\n<p style=\"text-align: center;\"><span style=\"color: #000080;\">En el curso 2012-2013, el colegio pasa a formar parte de la instituci\u00f3n Gesti\u00f3n de Centros Cat\u00f3licos de Ense\u00f1anza, cuyo objetivo es ofrecer a la sociedad una educaci\u00f3n de calidad, creativa e innovadora. El colegio pas\u00f3 a denominarse \u201cMantellate\u201d, nombre con el que se le conoce en la actualidad.<\/span><\/p>\n<p style=\"text-align: center;\"><span style=\"color: #000080;\">Nuestro Colegio satisface en la actualidad las necesidades de escolarizaci\u00f3n de un colectivo que podemos afirmar que aunque va siendo multirracial y plural en sus creencias religiosas, los alumnos encuentran en nuestro colegio las respuestas a sus expectativas acad\u00e9micas y humanas.<\/span><\/p>\n<p style=\"text-align: center;\"><span style=\"color: #000080;\">En nuestro Centro se imparte desde el 2\u00ba ciclo de Educaci\u00f3n Infantil hasta 4\u00ba de Educaci\u00f3n Secundaria., ofreciendo un servicio a la poblaci\u00f3n infantil\/juvenil en este barrio de Marchalenes.<\/span><\/p>\n","protected":false},"excerpt":{"rendered":"<p>HERMANAS MANTELLATE SIERVAS DE MAR\u00cdA La Congregaci\u00f3n de las Hermanas Mantellate Siervas de Mar\u00eda nace en Treppio (Pistoia \u2013 Italia), el 6 de Octubre de 1861. Las fundadoras fueron Filomena Rossi y Giovanna Ferrari. Estas j\u00f3venes, que eran terciarias de la Orden de los Siervos de Mar\u00eda, fueron llamadas por el P\u00e1rroco de Treppio para [&hellip;]<\/p>\n","protected":false},"author":1,"featured_media":0,"parent":0,"menu_order":0,"comment_status":"closed","ping_status":"closed","template":"","meta":{"_price":"","_stock":"","_tribe_ticket_header":"","_tribe_default_ticket_provider":"","_tribe_ticket_capacity":"0","_ticket_start_date":"","_ticket_end_date":"","_tribe_ticket_show_description":"","_tribe_ticket_show_not_going":false,"_tribe_ticket_use_global_stock":"","_tribe_ticket_global_stock_level":"","_global_stock_mode":"","_global_stock_cap":"","_tribe_rsvp_for_event":"","_tribe_ticket_going_count":"","_tribe_ticket_not_going_count":"","_tribe_tickets_list":[],"_tribe_ticket_has_attendee_info_fields":false,"footnotes":""},"class_list":["post-181","page","type-page","status-publish","hentry"],"ticketed":false,"_links":{"self":[{"href":"https:\/\/colegiomantellate.es\/inicio\/wp-json\/wp\/v2\/pages\/181","targetHints":{"allow":["GET"]}}],"collection":[{"href":"https:\/\/colegiomantellate.es\/inicio\/wp-json\/wp\/v2\/pages"}],"about":[{"href":"https:\/\/colegiomantellate.es\/inicio\/wp-json\/wp\/v2\/types\/page"}],"author":[{"embeddable":true,"href":"https:\/\/colegiomantellate.es\/inicio\/wp-json\/wp\/v2\/users\/1"}],"replies":[{"embeddable":true,"href":"https:\/\/colegiomantellate.es\/inicio\/wp-json\/wp\/v2\/comments?post=181"}],"version-history":[{"count":2,"href":"https:\/\/colegiomantellate.es\/inicio\/wp-json\/wp\/v2\/pages\/181\/revisions"}],"predecessor-version":[{"id":184,"href":"https:\/\/colegiomantellate.es\/inicio\/wp-json\/wp\/v2\/pages\/181\/revisions\/184"}],"wp:attachment":[{"href":"https:\/\/colegiomantellate.es\/inicio\/wp-json\/wp\/v2\/media?parent=181"}],"curies":[{"name":"wp","href":"https:\/\/api.w.org\/{rel}","templated":true}]}}